{"id":9876,"date":"2024-03-11T11:39:00","date_gmt":"2024-03-11T11:39:00","guid":{"rendered":"https:\/\/www.wts.web.tr\/en\/?post_type=product&#038;p=9876"},"modified":"2024-03-16T10:45:18","modified_gmt":"2024-03-16T10:45:18","slug":"guided-istanbul-tour","status":"publish","type":"product","link":"https:\/\/www.wts.web.tr\/en\/holiday\/guided-istanbul-tour\/","title":{"rendered":"Guided Istanbul Tour"},"content":{"rendered":"\t\t<div data-elementor-type=\"wp-post\" data-elementor-id=\"9876\" class=\"elementor elementor-9876\">\n\t\t\t\t\t\t<section class=\"wd-negative-gap elementor-section elementor-top-section elementor-element elementor-element-d70b645 elementor-section-content-top elementor-section-boxed elementor-section-height-default elementor-section-height-default\" data-id=\"d70b645\" data-element_type=\"section\">\n\t\t\t\t\t\t<div class=\"elementor-container elementor-column-gap-extended\">\n\t\t\t\t\t<div class=\"elementor-column elementor-col-66 elementor-top-column elementor-element elementor-element-470ec4d\" data-id=\"470ec4d\" data-element_type=\"column\">\n\t\t\t<div class=\"elementor-widget-wrap elementor-element-populated\">\n\t\t\t\t\t\t<div class=\"elementor-element elementor-element-9687ae0 wd-width-100 elementor-widget elementor-widget-wd_title\" data-id=\"9687ae0\" data-element_type=\"widget\" data-widget_type=\"wd_title.default\">\n\t\t\t\t<div class=\"elementor-widget-container\">\n\t\t\t\t\t<div class=\"title-wrapper set-mb-s reset-last-child wd-title-color-primary wd-title-style-underlined wd-title-size-default text-left\">\n\n\t\t\t\t\t\t\t<div class=\"title-subtitle subtitle-color-primary subtitle-style-default wd-fontsize-xs\">\n\t\t\t\t\tDay 1\t\t\t\t<\/div>\n\t\t\t\n\t\t\t<div class=\"liner-continer\">\n\t\t\t\t<h3 class=\"woodmart-title-container title wd-fontsize-l\">Istanbul Arrival<\/h3> \n\t\t\t\t\t\t\t<\/div>\n\n\t\t\t\t\t\t\t<div class=\"title-after_title set-cont-mb-s reset-last-child wd-fontsize-xs\">\n\t\t\t\t\t<p>Arrival and transfer to the hotel. We contin\u0131e with a visit to the \u0130stiklal pedestrian avenue. <strong>\u0130stiklal Avenue<\/strong> or Independence Avenue (Turkish: \u0130stikl\u00e2l Caddesi) is one of the most famous avenues in Istanbul, Turkey. It is located in the historic district of Beyo\u011flu, and is a pedestrian street, which houses boutiques, music stores, bookstores, art galleries, cinemas, theaters, libraries, cafes, pubs, night clubs with live music, historical pastry shops, chocolate shops and restaurants. The next stop is the Galata zone where we will see the famous <strong>Galata Tower<\/strong> from outside. Return to the hotel. Acommodation at hotel.<\/p>\t\t\t\t<\/div>\n\t\t\t\t\t<\/div>\n\t\t\t\t<\/div>\n\t\t\t\t<\/div>\n\t\t\t\t<div class=\"elementor-element elementor-element-88ce82d wd-width-100 elementor-widget elementor-widget-wd_title\" data-id=\"88ce82d\" data-element_type=\"widget\" data-widget_type=\"wd_title.default\">\n\t\t\t\t<div class=\"elementor-widget-container\">\n\t\t\t\t\t<div class=\"title-wrapper set-mb-s reset-last-child wd-title-color-primary wd-title-style-underlined wd-title-size-default text-left\">\n\n\t\t\t\t\t\t\t<div class=\"title-subtitle subtitle-color-primary subtitle-style-default wd-fontsize-xs\">\n\t\t\t\t\tDay 2\t\t\t\t<\/div>\n\t\t\t\n\t\t\t<div class=\"liner-continer\">\n\t\t\t\t<h3 class=\"woodmart-title-container title wd-fontsize-l\">Classic Istanbul Old City (Walking Tour)<\/h3> \n\t\t\t\t\t\t\t<\/div>\n\n\t\t\t\t\t\t\t<div class=\"title-after_title set-cont-mb-s reset-last-child wd-fontsize-xs\">\n\t\t\t\t\t<p><strong>Full-day tour of the ancient city.<\/strong> In the morning we will visit <strong>Hagia Sophia<\/strong>, one of the most identifying places in Istanbul, a beautiful architectural wonder that we offer to visitors; also considered one of the largest and most important in the world and today it is a mosque. We continue towards the <strong>Blue Mosque<\/strong>, admired for its six long minarets, terraces and domes that rise in the center of the building; You will see that the architect has undoubtedly achieved his goal; perfection with this stunning work of art. Lunch in a local restaurant.. In the afternoon, the <strong>Roman Hippodrome<\/strong>, (Seventh Severus period)... space where horse races and circuses were held, which for more than a thousand years served as entertainment for the inhabitants of Constantinople. We will end the day at the covered market; <strong>Grand Bazaar<\/strong>, where you can enjoy your free time. Return to the hotel and accommodation. **The Grand Bazaar is closed on Sundays and religious days.<br \/><strong>Meal:<\/strong> Breakfast and lunch<\/p>\t\t\t\t<\/div>\n\t\t\t\t\t<\/div>\n\t\t\t\t<\/div>\n\t\t\t\t<\/div>\n\t\t\t\t<div class=\"elementor-element elementor-element-0527092 wd-width-100 elementor-widget elementor-widget-wd_title\" data-id=\"0527092\" data-element_type=\"widget\" data-widget_type=\"wd_title.default\">\n\t\t\t\t<div class=\"elementor-widget-container\">\n\t\t\t\t\t<div class=\"title-wrapper set-mb-s reset-last-child wd-title-color-primary wd-title-style-underlined wd-title-size-default text-left\">\n\n\t\t\t\t\t\t\t<div class=\"title-subtitle subtitle-color-primary subtitle-style-default wd-fontsize-xs\">\n\t\t\t\t\tDay 3\t\t\t\t<\/div>\n\t\t\t\n\t\t\t<div class=\"liner-continer\">\n\t\t\t\t<h3 class=\"woodmart-title-container title wd-fontsize-l\">Istanbul<\/h3> \n\t\t\t\t\t\t\t<\/div>\n\n\t\t\t\t\t\t\t<div class=\"title-after_title set-cont-mb-s reset-last-child wd-fontsize-xs\">\n\t\t\t\t\t<p>Full-day tour of the Bosphorus and Asia. In the morning we will make a preliminary visit to the <strong>Egyptian Bazaar<\/strong> or <strong>Spice Bazaar<\/strong>, built in the 17th century and located in the old Emin\u00f6n\u00fc neighborhood in Istanbul. Next visit is R\u00fcstempa\u015fa Mosque. R\u00fcstem Pa\u015fa Camii is located above the Has\u0131rc\u0131lar \u00c7ar\u015f\u0131s\u0131, the Weavers' Market, in the Emin\u00f6n\u00fc district, in the Tahtakale neighborhood of Istanbul. As indicated by a four-line inscription, the mosque was commissioned by the Grand Vizier R\u00fcstem Pasa, son-in-law of S\u00fcleyman the Magnificent, and was built by Mimar Sinan in 1561. We continued taking the boat for the trip along the <strong>Bosphorus<\/strong> (regular boat), skirting the Sea of Marmara on both sides of the city: Asian and European. During this tour you can see some monuments such as: <strong>Dolmabah\u00e7e Palace<\/strong>, \u00c7\u0131ra\u011fan Palace, Rumeli Hisar\u0131 Fortress and others... After disembarking we continue with the visit of the <strong>Beylerbeyi Palace<\/strong>, built in white marble by Sultan Abdulaziz in the 19th century; It also served as a summer residence for former sultans and as a guest house for deserving foreigners. Time for lunch. <strong>Climbing \u00c7aml\u0131ca Hill<\/strong>, known as Lovers' Hill, offers a majestic and panoramic view of the Bosphorus and Istanbul. Hotel moving and lodging.<br \/><strong>Meal:<\/strong> Breakfast and lunch<\/p>\t\t\t\t<\/div>\n\t\t\t\t\t<\/div>\n\t\t\t\t<\/div>\n\t\t\t\t<\/div>\n\t\t\t\t<div class=\"elementor-element elementor-element-c0a62c3 wd-width-100 elementor-widget elementor-widget-wd_title\" data-id=\"c0a62c3\" data-element_type=\"widget\" data-widget_type=\"wd_title.default\">\n\t\t\t\t<div class=\"elementor-widget-container\">\n\t\t\t\t\t<div class=\"title-wrapper set-mb-s reset-last-child wd-title-color-primary wd-title-style-underlined wd-title-size-default text-left\">\n\n\t\t\t\t\t\t\t<div class=\"title-subtitle subtitle-color-primary subtitle-style-default wd-fontsize-xs\">\n\t\t\t\t\tDay 4\t\t\t\t<\/div>\n\t\t\t\n\t\t\t<div class=\"liner-continer\">\n\t\t\t\t<h3 class=\"woodmart-title-container title wd-fontsize-l\">Istanbul Free Day (With Optional Balat Tour)<\/h3> \n\t\t\t\t\t\t\t<\/div>\n\n\t\t\t\t\t\t\t<div class=\"title-after_title set-cont-mb-s reset-last-child wd-fontsize-xs\">\n\t\t\t\t\t<p><strong>OPTIONAL EXCURSION:<\/strong> Balat Orthodox Heritage Tour<\/p><p>Breakfast and start the day with a visit to the <strong>Suleymaniye Mosque<\/strong>. The Suleiman Mosque is built on the top of the third hill of historic Istanbul by the legendary architect Mimar Sinan and is one of the largest mosques in the city. Then we will see along the way the <strong>Valens Aqueduct<\/strong>, which was a system of Roman aqueducts built at the end of the 4th century AD, to supply Constantinople, the capital of the Eastern Roman Empire. The next stop is the <strong>Zeyrek Mosque<\/strong>, which was a Byzantine monastery with the name Pantocrator Monastery dedicated to Christ. Like most of the city's Byzantine churches, it was transformed into a mosque after the Ottomans conquered Constantinople in 1453. Pantocrator, meaning \"almighty,\" was the largest church in Constantinople after the Hagia Sophia. Then see the G\u00fcl Mosque, which was another unique former Byzantine monastery that has been converted into a mosque. The so-called \"Church of Saint Theodosia\", now known as G\u00fcl Camii ('Rose Mosque' in Turkish), was a Byzantine church in the Dexiokratous district of Constantinople, near the Walls of the Golden Horn. <strong>The Greek Orthodox church of Hagios Nikolaos<\/strong> is the next stop. Then head to a local restaurant for lunch. Continuing with the <strong>Greek Orthodox Patriarchate of Fener<\/strong>. The Greek Patriarchate of Fener and the Patriarchal Church of St. George are located in the district of Fener, on the banks of the Golden Horn and share the same courtyard. The Patriarchate remains the mother church of Greek Orthodox Christianity throughout the world. Finally <strong>Balat<\/strong>, where you can witness the rich history of Istanbul walking among the splashes of color and animation of street life, the crossing of clotheslines over the ruined buildings, the synagogues, the churches and the maze of cobbled streets. Hotel transfer and accommodation.<br \/><strong>Meal:<\/strong> Breakfast<\/p>\t\t\t\t<\/div>\n\t\t\t\t\t<\/div>\n\t\t\t\t<\/div>\n\t\t\t\t<\/div>\n\t\t\t\t<div class=\"elementor-element elementor-element-58bf1cb wd-width-100 elementor-widget elementor-widget-wd_title\" data-id=\"58bf1cb\" data-element_type=\"widget\" data-widget_type=\"wd_title.default\">\n\t\t\t\t<div class=\"elementor-widget-container\">\n\t\t\t\t\t<div class=\"title-wrapper set-mb-s reset-last-child wd-title-color-primary wd-title-style-underlined wd-title-size-default text-left\">\n\n\t\t\t\t\t\t\t<div class=\"title-subtitle subtitle-color-primary subtitle-style-default wd-fontsize-xs\">\n\t\t\t\t\tDay 5\t\t\t\t<\/div>\n\t\t\t\n\t\t\t<div class=\"liner-continer\">\n\t\t\t\t<h3 class=\"woodmart-title-container title wd-fontsize-l\">Istanbul Departure<\/h3> \n\t\t\t\t\t\t\t<\/div>\n\n\t\t\t\t\t\t\t<div class=\"title-after_title set-cont-mb-s reset-last-child wd-fontsize-xs\">\n\t\t\t\t\t<p>After breakfast, transfer to the airport to take the flight back to the country of origin.<br \/><strong>Meal:<\/strong> Breakfast<\/p>\t\t\t\t<\/div>\n\t\t\t\t\t<\/div>\n\t\t\t\t<\/div>\n\t\t\t\t<\/div>\n\t\t\t\t<div class=\"elementor-element elementor-element-da10d81 wd-width-100 elementor-widget elementor-widget-wd_title\" data-id=\"da10d81\" data-element_type=\"widget\" data-widget_type=\"wd_title.default\">\n\t\t\t\t<div class=\"elementor-widget-container\">\n\t\t\t\t\t<div class=\"title-wrapper set-mb-s reset-last-child wd-title-color-primary wd-title-style-underlined wd-title-size-default text-left\">\n\n\t\t\t\n\t\t\t<div class=\"liner-continer\">\n\t\t\t\t<h3 class=\"woodmart-title-container title wd-fontsize-l\">Private Tour in Istanbul<\/h3> \n\t\t\t\t\t\t\t<\/div>\n\n\t\t\t\t\t<\/div>\n\t\t\t\t<\/div>\n\t\t\t\t<\/div>\n\t\t\t\t<div class=\"elementor-element elementor-element-b8c96cd elementor-widget elementor-widget-video\" data-id=\"b8c96cd\" data-element_type=\"widget\" data-settings=\"{&quot;youtube_url&quot;:&quot;https:\\\/\\\/www.youtube.com\\\/watch?v=eV6lTEY95yY&quot;,&quot;video_type&quot;:&quot;youtube&quot;,&quot;controls&quot;:&quot;yes&quot;}\" data-widget_type=\"video.default\">\n\t\t\t\t<div class=\"elementor-widget-container\">\n\t\t\t\t\t<div class=\"elementor-wrapper elementor-open-inline\">\n\t\t\t<div class=\"elementor-video\"><\/div>\t\t<\/div>\n\t\t\t\t<\/div>\n\t\t\t\t<\/div>\n\t\t\t\t\t<\/div>\n\t\t<\/div>\n\t\t\t\t<div class=\"elementor-column elementor-col-33 elementor-top-column elementor-element elementor-element-ea53e58 wd-elementor-sticky-column wd_sticky_offset_50\" data-id=\"ea53e58\" data-element_type=\"column\" data-settings=\"{&quot;background_background&quot;:&quot;classic&quot;}\">\n\t\t\t<div class=\"elementor-widget-wrap elementor-element-populated\">\n\t\t\t\t\t\t<div class=\"elementor-element elementor-element-ef27c97 elementor-widget elementor-widget-wd_accordion\" data-id=\"ef27c97\" data-element_type=\"widget\" data-widget_type=\"wd_accordion.default\">\n\t\t\t\t<div class=\"elementor-widget-container\">\n\t\t\t\n\t\t<div class=\"wd-accordion wd-style-default wd-border-off\" data-state=\"first\">\n\t\t\t\t\t\t\t\n\t\t\t\t<div class=\"wd-accordion-item\">\n\t\t\t\t\t<div class=\"wd-accordion-title wd-active text-left wd-opener-pos-right\" data-accordion-index=\"0\">\n\t\t\t\t\t\t<div class=\"wd-accordion-title-text\">\n\t\t\t\t\t\t\t\t\t\t\t\t\t\t\t<span class=\"img-wrapper\">\n\t\t\t\t\t\t\t\t\t<i class=\"fas fa-plus-circle\"><\/i>\t\t\t\t\t\t\t\t<\/span>\n\t\t\t\t\t\t\t\t\t\t\t\t\t\t<span>\n\t\t\t\t\t\t\t\tWhat is Included:\t\t\t\t\t\t\t<\/span>\n\t\t\t\t\t\t<\/div>\n\t\t\t\t\t\t<span class=\"wd-accordion-opener wd-opener-style-arrow\"><\/span>\n\t\t\t\t\t<\/div>\n\n\t\t\t\t\t<div class=\"wd-accordion-content reset-last-child wd-active color-scheme-dark\" data-accordion-index=\"0\">\n\t\t\t\t\t\t\t\t\t\t\t\t\t\n\t\t\t\t\t\t\t<p>\u2022 Transfers with assistance in English<br \/>\u2022 Accommodations in hotels <br \/>\u2022 Museum entrence fes <br \/>\u2022 English-speaking guide for all the visits indicated in the program<br \/>\u2022 Food service according to program (4 Breakfasts, 2 Lunches)<br \/>\u2022 Trips by private car with A\/C<br \/>\u2022 Hotel taxes<\/p>\n\t\t\t\t\t\t\t\t\t\t\t\t\t\t\t\t\t\t<\/div>\n\t\t\t\t<\/div>\n\t\t\t\t\t\t\t\n\t\t\t\t<div class=\"wd-accordion-item\">\n\t\t\t\t\t<div class=\"wd-accordion-title text-left wd-opener-pos-right\" data-accordion-index=\"1\">\n\t\t\t\t\t\t<div class=\"wd-accordion-title-text\">\n\t\t\t\t\t\t\t\t\t\t\t\t\t\t\t<span class=\"img-wrapper\">\n\t\t\t\t\t\t\t\t\t<i class=\"fas fa-minus-circle\"><\/i>\t\t\t\t\t\t\t\t<\/span>\n\t\t\t\t\t\t\t\t\t\t\t\t\t\t<span>\n\t\t\t\t\t\t\t\tWhat&#039;s Not:\t\t\t\t\t\t\t<\/span>\n\t\t\t\t\t\t<\/div>\n\t\t\t\t\t\t<span class=\"wd-accordion-opener wd-opener-style-arrow\"><\/span>\n\t\t\t\t\t<\/div>\n\n\t\t\t\t\t<div class=\"wd-accordion-content reset-last-child color-scheme-dark\" data-accordion-index=\"1\">\n\t\t\t\t\t\t\t\t\t\t\t\t\t\n\t\t\t\t\t\t\t<p>\u2022 Flights<br \/>\u2022 Personal expenses and extra<br \/>\u2022 Health\/Travel Insurance<br \/>\u2022 Drinks during lunch\/dinner<br \/>\u2022 Tips to drivers and guide<\/p>\n\t\t\t\t\t\t\t\t\t\t\t\t\t\t\t\t\t\t<\/div>\n\t\t\t\t<\/div>\n\t\t\t\t\t\t\t\n\t\t\t\t<div class=\"wd-accordion-item\">\n\t\t\t\t\t<div class=\"wd-accordion-title text-left wd-opener-pos-right\" data-accordion-index=\"2\">\n\t\t\t\t\t\t<div class=\"wd-accordion-title-text\">\n\t\t\t\t\t\t\t\t\t\t\t\t\t\t\t<span class=\"img-wrapper\">\n\t\t\t\t\t\t\t\t\t<i class=\"fas fa-hotel\"><\/i>\t\t\t\t\t\t\t\t<\/span>\n\t\t\t\t\t\t\t\t\t\t\t\t\t\t<span>\n\t\t\t\t\t\t\t\tProvided Hotels and Prices\t\t\t\t\t\t\t<\/span>\n\t\t\t\t\t\t<\/div>\n\t\t\t\t\t\t<span class=\"wd-accordion-opener wd-opener-style-arrow\"><\/span>\n\t\t\t\t\t<\/div>\n\n\t\t\t\t\t<div class=\"wd-accordion-content reset-last-child color-scheme-dark\" data-accordion-index=\"2\">\n\t\t\t\t\t\t\t\t\t\t\t\t\t\n\t\t\t\t\t\t\t<p><strong>Option 1<\/strong><br \/>Golden Age Hotel Taksim 4*<br \/>Dosso Dossi Old City 4* <br \/>2-3 pax per person dbl\/trp room 1.119 Euro<br \/>4-6 pax per person dbl\/trp room 816 Euro<br \/>7-11 pax per person dbl\/trp room 708 Euro<br \/>12-16 pax per person dbl\/trp room 596 Euro<br \/>17-22 pax per person dbl\/trp room 555 Euro<br \/>23-32 pax per person dbl\/trp room 521 Euro<br \/>33-38 pax per person dbl\/trp room 488 Euro<br \/>39-46 pax per person dbl\/trp room 469 Euro<\/p><p><strong>Option 2<\/strong><br \/>Barcelo Taksim 5*<br \/>Divan Hotel Taksim 5*<br \/>2-3 pax per person dbl\/trp room 1.388 Euro<br \/>4-6 pax per person dbl\/trp room 1.128 Euro<br \/>7-11 pax per person dbl\/trp room 981 Euro<br \/>12-16 pax per person dbl\/trp room 853 Euro<br \/>17-22 pax per person dbl\/trp room 825 Euro<br \/>23-32 pax per person dbl\/trp room 790 Euro<br \/>33-38 pax per person dbl\/trp room 739 Euro<br \/>39-46 pax per person dbl\/trp room 726 Euro<\/p>\n\t\t\t\t\t\t\t\t\t\t\t\t\t\t\t\t\t\t<\/div>\n\t\t\t\t<\/div>\n\t\t\t\t\t\t\t\n\t\t\t\t<div class=\"wd-accordion-item\">\n\t\t\t\t\t<div class=\"wd-accordion-title text-left wd-opener-pos-right\" data-accordion-index=\"3\">\n\t\t\t\t\t\t<div class=\"wd-accordion-title-text\">\n\t\t\t\t\t\t\t\t\t\t\t\t\t\t\t<span class=\"img-wrapper\">\n\t\t\t\t\t\t\t\t\t<i class=\"far fa-clock\"><\/i>\t\t\t\t\t\t\t\t<\/span>\n\t\t\t\t\t\t\t\t\t\t\t\t\t\t<span>\n\t\t\t\t\t\t\t\tOptional Excursions\t\t\t\t\t\t\t<\/span>\n\t\t\t\t\t\t<\/div>\n\t\t\t\t\t\t<span class=\"wd-accordion-opener wd-opener-style-arrow\"><\/span>\n\t\t\t\t\t<\/div>\n\n\t\t\t\t\t<div class=\"wd-accordion-content reset-last-child color-scheme-dark\" data-accordion-index=\"3\">\n\t\t\t\t\t\t\t\t\t\t\t\t\t\n\t\t\t\t\t\t\t<p>\u2022 <strong>Balat Orthodox Heritage Tour:<\/strong> 105 EUR PP (MIN 6 PAX)<br \/>\u2022 <strong>Bosphorus Dinner Cruise:<\/strong> 70 EUR PP without alcohol - 85 EUR PP with alcohol<\/p>\n\t\t\t\t\t\t\t\t\t\t\t\t\t\t\t\t\t\t<\/div>\n\t\t\t\t<\/div>\n\t\t\t\t\t<\/div>\n\t\t\t\t<\/div>\n\t\t\t\t<\/div>\n\t\t\t\t<section class=\"wd-negative-gap elementor-section elementor-inner-section elementor-element elementor-element-7c3292f elementor-section-content-top elementor-hidden-desktop elementor-hidden-tablet elementor-hidden-mobile elementor-section-boxed elementor-section-height-default elementor-section-height-default\" data-id=\"7c3292f\" data-element_type=\"section\">\n\t\t\t\t\t\t<div class=\"elementor-container elementor-column-gap-default\">\n\t\t\t\t\t<div class=\"elementor-column elementor-col-50 elementor-inner-column elementor-element elementor-element-d74f128\" data-id=\"d74f128\" data-element_type=\"column\">\n\t\t\t<div class=\"elementor-widget-wrap elementor-element-populated\">\n\t\t\t\t\t\t<div class=\"elementor-element elementor-element-5114b7f elementor-widget elementor-widget-wd_infobox\" data-id=\"5114b7f\" data-element_type=\"widget\" data-widget_type=\"wd_infobox.default\">\n\t\t\t\t<div class=\"elementor-widget-container\">\n\t\t\t\t\t<div class=\"info-box-wrapper\">\n\t\t\t<div class=\"wd-info-box text-center box-icon-align-top box-style-base color-scheme-\">\n\t\t\t\t\t\t\t\t\t<div class=\"box-icon-wrapper  box-with-text text-size-default box-icon-simple\">\n\t\t\t\t\t\t<div class=\"info-box-icon\">\n\t\t\t\t\t\t\t\t\t\t\t\t\t\t\t1\t\t\t\t\t\t\t\t\t\t\t\t\t<\/div>\n\t\t\t\t\t<\/div>\n\t\t\t\t\n\t\t\t\t<div class=\"info-box-content\">\n\t\t\t\t\t\n\t\t\t\t\t\t\t\t\t\t\t<h4\t\t\t\t\t\tclass=\"info-box-title title box-title-style-default wd-fontsize-s\" data-elementor-setting-key=\"title\">\n\t\t\t\t\t\t\t\tLow Prices\t\t\t\t\t\t<\/h4>\n\t\t\t\t\t\n\t\t\t\t\t<div class=\"info-box-inner set-cont-mb-s reset-last-child\"data-elementor-setting-key=\"content\"><\/div>\n\n\t\t\t\t\t\t\t\t\t<\/div>\n\n\t\t\t\t\t\t\t<\/div>\n\t\t<\/div>\n\t\t\t\t<\/div>\n\t\t\t\t<\/div>\n\t\t\t\t<div class=\"elementor-element elementor-element-296d835 elementor-widget elementor-widget-wd_infobox\" data-id=\"296d835\" data-element_type=\"widget\" data-widget_type=\"wd_infobox.default\">\n\t\t\t\t<div class=\"elementor-widget-container\">\n\t\t\t\t\t<div class=\"info-box-wrapper\">\n\t\t\t<div class=\"wd-info-box text-center box-icon-align-top box-style-base color-scheme-\">\n\t\t\t\t\t\t\t\t\t<div class=\"box-icon-wrapper  box-with-text text-size-default box-icon-simple\">\n\t\t\t\t\t\t<div class=\"info-box-icon\">\n\t\t\t\t\t\t\t\t\t\t\t\t\t\t\t3\t\t\t\t\t\t\t\t\t\t\t\t\t<\/div>\n\t\t\t\t\t<\/div>\n\t\t\t\t\n\t\t\t\t<div class=\"info-box-content\">\n\t\t\t\t\t\n\t\t\t\t\t\t\t\t\t\t\t<h4\t\t\t\t\t\tclass=\"info-box-title title box-title-style-default wd-fontsize-s\" data-elementor-setting-key=\"title\">\n\t\t\t\t\t\t\t\tHigh Quality\t\t\t\t\t\t<\/h4>\n\t\t\t\t\t\n\t\t\t\t\t<div class=\"info-box-inner set-cont-mb-s reset-last-child\"data-elementor-setting-key=\"content\"><\/div>\n\n\t\t\t\t\t\t\t\t\t<\/div>\n\n\t\t\t\t\t\t\t\t\t<a href=\"#\" class=\"wd-info-box-link wd-fill\" aria-label=\"Infobox link\"><\/a>\n\t\t\t\t\t\t\t<\/div>\n\t\t<\/div>\n\t\t\t\t<\/div>\n\t\t\t\t<\/div>\n\t\t\t\t\t<\/div>\n\t\t<\/div>\n\t\t\t\t<div class=\"elementor-column elementor-col-50 elementor-top-column elementor-element elementor-element-00bc18f\" data-id=\"00bc18f\" data-element_type=\"column\">\n\t\t\t<div class=\"elementor-widget-wrap elementor-element-populated\">\n\t\t\t\t\t\t<div class=\"elementor-element elementor-element-5fac68e elementor-widget elementor-widget-wd_infobox\" data-id=\"5fac68e\" data-element_type=\"widget\" data-widget_type=\"wd_infobox.default\">\n\t\t\t\t<div class=\"elementor-widget-container\">\n\t\t\t\t\t<div class=\"info-box-wrapper\">\n\t\t\t<div class=\"wd-info-box text-center box-icon-align-top box-style-base color-scheme-\">\n\t\t\t\t\t\t\t\t\t<div class=\"box-icon-wrapper  box-with-text text-size-default box-icon-simple\">\n\t\t\t\t\t\t<div class=\"info-box-icon\">\n\t\t\t\t\t\t\t\t\t\t\t\t\t\t\t2\t\t\t\t\t\t\t\t\t\t\t\t\t<\/div>\n\t\t\t\t\t<\/div>\n\t\t\t\t\n\t\t\t\t<div class=\"info-box-content\">\n\t\t\t\t\t\n\t\t\t\t\t\t\t\t\t\t\t<h4\t\t\t\t\t\tclass=\"info-box-title title box-title-style-default wd-fontsize-s\" data-elementor-setting-key=\"title\">\n\t\t\t\t\t\t\t\tMoney Back Guarantee\t\t\t\t\t\t<\/h4>\n\t\t\t\t\t\n\t\t\t\t\t<div class=\"info-box-inner set-cont-mb-s reset-last-child\"data-elementor-setting-key=\"content\"><p style=\"text-align: center;\">\n<\/div>\n\n\t\t\t\t\t\t\t\t\t<\/div>\n\n\t\t\t\t\t\t\t<\/div>\n\t\t<\/div>\n\t\t\t\t<\/div>\n\t\t\t\t<\/div>\n\t\t\t\t<div class=\"elementor-element elementor-element-a52c85f elementor-widget elementor-widget-wd_infobox\" data-id=\"a52c85f\" data-element_type=\"widget\" data-widget_type=\"wd_infobox.default\">\n\t\t\t\t<div class=\"elementor-widget-container\">\n\t\t\t\t\t<div class=\"info-box-wrapper\">\n\t\t\t<div class=\"wd-info-box text-center box-icon-align-top box-style-base color-scheme-\">\n\t\t\t\t\t\t\t\t\t<div class=\"box-icon-wrapper  box-with-text text-size-default box-icon-simple\">\n\t\t\t\t\t\t<div class=\"info-box-icon\">\n\t\t\t\t\t\t\t\t\t\t\t\t\t\t\t4\t\t\t\t\t\t\t\t\t\t\t\t\t<\/div>\n\t\t\t\t\t<\/div>\n\t\t\t\t\n\t\t\t\t<div class=\"info-box-content\">\n\t\t\t\t\t\n\t\t\t\t\t\t\t\t\t\t\t<h4\t\t\t\t\t\tclass=\"info-box-title title box-title-style-default wd-fontsize-s\" data-elementor-setting-key=\"title\">\n\t\t\t\t\t\t\t\tBest Services\t\t\t\t\t\t<\/h4>\n\t\t\t\t\t\n\t\t\t\t\t<div class=\"info-box-inner set-cont-mb-s reset-last-child\"data-elementor-setting-key=\"content\"><\/div>\n\n\t\t\t\t\t\t\t\t\t<\/div>\n\n\t\t\t\t\t\t\t<\/div>\n\t\t<\/div>\n\t\t\t\t<\/div>\n\t\t\t\t<\/div>\n\t\t\t\t\t<\/div>\n\t\t<\/div>\n\t\t\t\t\t<\/div>\n\t\t<\/section>\n\t\t\t\t\t<\/div>\n\t\t<\/div>\n\t\t\t\t\t<\/div>\n\t\t<\/section>\n\t\t\t\t<\/div>\n\t\t","protected":false},"excerpt":{"rendered":"<p>Guided Istanbul Tour in 4 or 5 star hotels, 4 nights 5 days holiday, room\/breakfast accommodation, panoramic city tour, airport transfers and taxes are included.<\/p>\n<p><i class=\"fa fa-check-circle\"><\/i> We provide hotel alternatives, extra overnight stays.<\/p>\n","protected":false},"featured_media":9877,"comment_status":"open","ping_status":"closed","template":"","meta":{"rank_math_lock_modified_date":false},"product_cat":[117],"product_tag":[74,199,198],"class_list":{"0":"post-9876","1":"product","2":"type-product","3":"status-publish","4":"has-post-thumbnail","6":"product_cat-turkiye-tours","7":"product_tag-europe-tours","8":"product_tag-guided-tours","9":"product_tag-private-tours","10":"pa_agency-wts","11":"pa_tour-accommodation-4-nights","12":"pa_tour-accommodation-type-room-breakfast","13":"pa_tour-country-turkiye","14":"pa_tour-country-visa-status-visa-free","15":"pa_tour-flight-ticket-scheduled-airlines","17":"first","18":"instock","19":"shipping-taxable","20":"product-type-external"},"_links":{"self":[{"href":"https:\/\/www.wts.web.tr\/en\/wp-json\/wp\/v2\/product\/9876","targetHints":{"allow":["GET"]}}],"collection":[{"href":"https:\/\/www.wts.web.tr\/en\/wp-json\/wp\/v2\/product"}],"about":[{"href":"https:\/\/www.wts.web.tr\/en\/wp-json\/wp\/v2\/types\/product"}],"replies":[{"embeddable":true,"href":"https:\/\/www.wts.web.tr\/en\/wp-json\/wp\/v2\/comments?post=9876"}],"version-history":[{"count":0,"href":"https:\/\/www.wts.web.tr\/en\/wp-json\/wp\/v2\/product\/9876\/revisions"}],"wp:featuredmedia":[{"embeddable":true,"href":"https:\/\/www.wts.web.tr\/en\/wp-json\/wp\/v2\/media\/9877"}],"wp:attachment":[{"href":"https:\/\/www.wts.web.tr\/en\/wp-json\/wp\/v2\/media?parent=9876"}],"wp:term":[{"taxonomy":"product_cat","embeddable":true,"href":"https:\/\/www.wts.web.tr\/en\/wp-json\/wp\/v2\/product_cat?post=9876"},{"taxonomy":"product_tag","embeddable":true,"href":"https:\/\/www.wts.web.tr\/en\/wp-json\/wp\/v2\/product_tag?post=9876"}],"curies":[{"name":"wp","href":"https:\/\/api.w.org\/{rel}","templated":true}]}}